{"id":3072,"date":"2025-12-16T07:58:19","date_gmt":"2025-12-16T12:58:19","guid":{"rendered":"https:\/\/transmeridian.pe\/?page_id=3072"},"modified":"2026-03-26T16:48:25","modified_gmt":"2026-03-26T21:48:25","slug":"itinerarios","status":"publish","type":"page","link":"https:\/\/transmeridian.pe\/en\/itinerarios\/","title":{"rendered":"Itinerarios"},"content":{"rendered":"<div data-elementor-type=\"wp-page\" data-elementor-id=\"3072\" class=\"elementor elementor-3072\" data-elementor-post-type=\"page\">\n\t\t\t\t<div class=\"elementor-element elementor-element-e96df6f grupo e-flex e-con-boxed e-con e-parent\" data-id=\"e96df6f\" data-element_type=\"container\" data-e-type=\"container\" data-settings=\"{&quot;background_background&quot;:&quot;classic&quot;}\">\n\t\t\t\t\t<div class=\"e-con-inner\">\n\t\t<div class=\"elementor-element elementor-element-5f3369a e-con-full e-flex e-con e-child\" data-id=\"5f3369a\" data-element_type=\"container\" data-e-type=\"container\">\n\t\t\t\t<div class=\"elementor-element elementor-element-deeebad elementor-invisible elementor-widget elementor-widget-heading\" data-id=\"deeebad\" data-element_type=\"widget\" data-e-type=\"widget\" data-settings=\"{&quot;_animation&quot;:&quot;slideInLeft&quot;,&quot;_animation_tablet&quot;:&quot;none&quot;}\" data-widget_type=\"heading.default\">\n\t\t\t\t\t<h1 class=\"elementor-heading-title elementor-size-default\">Itinerarios Locales<\/h1>\t\t\t\t<\/div>\n\t\t\t\t<\/div>\n\t\t\t\t\t<\/div>\n\t\t\t\t<\/div>\n\t\t<div class=\"elementor-element elementor-element-05f995b grupo e-flex e-con-boxed e-con e-parent\" data-id=\"05f995b\" data-element_type=\"container\" data-e-type=\"container\">\n\t\t\t\t\t<div class=\"e-con-inner\">\n\t\t\t\t<div class=\"elementor-element elementor-element-db01ddb elementor-widget elementor-widget-text-editor\" data-id=\"db01ddb\" data-element_type=\"widget\" data-e-type=\"widget\" data-widget_type=\"text-editor.default\">\n\t\t\t\t\t\t\t\t\t<p>La informaci\u00f3n mostrada a continuaci\u00f3n contiene todas las naves que ser\u00e1n agenciadas por Transmeridian, tiene un rango de b\u00fasqueda de 30 d\u00edas antes y despu\u00e9s de la fecha actual.<\/p>\t\t\t\t\t\t\t\t<\/div>\n\t\t\t\t<div class=\"elementor-element elementor-element-f4d9c65 elementor-widget elementor-widget-html\" data-id=\"f4d9c65\" data-element_type=\"widget\" data-e-type=\"widget\" data-widget_type=\"html.default\">\n\t\t\t\t\t<iframe style=\"min-height:720px\" src=\"https:\/\/www.meridian.com.pe\/Extranet\/Transmeridian\/Itinerario\/bitacoraweb.aspx\" frameborder=\"0\" scrolling=\"no\"><\/iframe>\t\t\t\t<\/div>\n\t\t\t\t\t<\/div>\n\t\t\t\t<\/div>\n\t\t\t\t<\/div>","protected":false},"excerpt":{"rendered":"<p>Itinerarios Locales La informaci\u00f3n mostrada a continuaci\u00f3n contiene todas las naves que ser\u00e1n agenciadas por Transmeridian, tiene un rango de b\u00fasqueda de 30 d\u00edas antes y despu\u00e9s de la fecha actual.<\/p>","protected":false},"author":1,"featured_media":0,"parent":0,"menu_order":0,"comment_status":"closed","ping_status":"closed","template":"","meta":{"footnotes":""},"class_list":["post-3072","page","type-page","status-publish","hentry"],"blocksy_meta":[],"_links":{"self":[{"href":"https:\/\/transmeridian.pe\/en\/wp-json\/wp\/v2\/pages\/3072","targetHints":{"allow":["GET"]}}],"collection":[{"href":"https:\/\/transmeridian.pe\/en\/wp-json\/wp\/v2\/pages"}],"about":[{"href":"https:\/\/transmeridian.pe\/en\/wp-json\/wp\/v2\/types\/page"}],"author":[{"embeddable":true,"href":"https:\/\/transmeridian.pe\/en\/wp-json\/wp\/v2\/users\/1"}],"replies":[{"embeddable":true,"href":"https:\/\/transmeridian.pe\/en\/wp-json\/wp\/v2\/comments?post=3072"}],"version-history":[{"count":19,"href":"https:\/\/transmeridian.pe\/en\/wp-json\/wp\/v2\/pages\/3072\/revisions"}],"predecessor-version":[{"id":4128,"href":"https:\/\/transmeridian.pe\/en\/wp-json\/wp\/v2\/pages\/3072\/revisions\/4128"}],"wp:attachment":[{"href":"https:\/\/transmeridian.pe\/en\/wp-json\/wp\/v2\/media?parent=3072"}],"curies":[{"name":"wp","href":"https:\/\/api.w.org\/{rel}","templated":true}]}}