{"id":3511,"date":"2026-02-25T17:04:57","date_gmt":"2026-02-25T22:04:57","guid":{"rendered":"https:\/\/transmeridian.pe\/?page_id=3511"},"modified":"2026-03-26T13:03:17","modified_gmt":"2026-03-26T18:03:17","slug":"comunicados","status":"publish","type":"page","link":"https:\/\/transmeridian.pe\/en\/comunicados\/","title":{"rendered":"Comunicados"},"content":{"rendered":"<div data-elementor-type=\"wp-page\" data-elementor-id=\"3511\" class=\"elementor elementor-3511\" data-elementor-post-type=\"page\">\n\t\t\t\t<div class=\"elementor-element elementor-element-927a801 e-flex e-con-boxed e-con e-parent\" data-id=\"927a801\" data-element_type=\"container\" data-e-type=\"container\" data-settings=\"{&quot;background_background&quot;:&quot;classic&quot;}\">\n\t\t\t\t\t<div class=\"e-con-inner\">\n\t\t\t\t<div class=\"elementor-element elementor-element-a74ede0 elementor-widget elementor-widget-heading\" data-id=\"a74ede0\" data-element_type=\"widget\" data-e-type=\"widget\" data-widget_type=\"heading.default\">\n\t\t\t\t\t<h1 class=\"elementor-heading-title elementor-size-default\">Comunicados<\/h1>\t\t\t\t<\/div>\n\t\t<div class=\"elementor-element elementor-element-175c39f e-con-full e-flex e-con e-child\" data-id=\"175c39f\" data-element_type=\"container\" data-e-type=\"container\">\n\t\t\t\t<div class=\"elementor-element elementor-element-70ec03f elementor-widget elementor-widget-text-editor\" data-id=\"70ec03f\" data-element_type=\"widget\" data-e-type=\"widget\" data-widget_type=\"text-editor.default\">\n\t\t\t\t\t\t\t\t\t<p>Este espacio ha sido dise\u00f1ado para brindar informaci\u00f3n clara y oportuna sobre situaciones que puedan influir en la planificaci\u00f3n log\u00edstica y en la continuidad de las operaciones vinculadas al comercio mar\u00edtimo y flujos internacionales.<\/p>\t\t\t\t\t\t\t\t<\/div>\n\t\t\t\t<\/div>\n\t\t\t\t\t<\/div>\n\t\t\t\t<\/div>\n\t\t<div class=\"elementor-element elementor-element-60407c1 e-flex e-con-boxed e-con e-parent\" data-id=\"60407c1\" data-element_type=\"container\" data-e-type=\"container\">\n\t\t\t\t\t<div class=\"e-con-inner\">\n\t\t\t\t<div class=\"elementor-element elementor-element-f67ed07 elementor-widget elementor-widget-html\" data-id=\"f67ed07\" data-element_type=\"widget\" data-e-type=\"widget\" data-widget_type=\"html.default\">\n\t\t\t\t\t<table>\r\n    <thead>\r\n        <tr>\r\n            <th>Comunicado<\/th>\r\n            <th>Fecha<\/th>\r\n            <th>Descarga <\/th>\r\n        <\/tr>\r\n    <\/thead>\r\n    <tbody>\r\n        <tr>\r\n            <td>  <\/td>\r\n            <td> <\/td>\r\n            <td><a href=\"#\" class=\"download-link\">  <\/a><\/td>\r\n        <\/tr>\r\n        <tr>\r\n            <td>  <\/td>\r\n            <td> <\/td>\r\n            <td><a href=\"#\" class=\"download-link\">   <\/a><\/td>\r\n        <\/tr>\r\n    <\/tbody>\r\n<\/table>\t\t\t\t<\/div>\n\t\t\t\t<div class=\"elementor-element elementor-element-44746b6 elementor-hidden-desktop elementor-hidden-laptop elementor-hidden-tablet elementor-hidden-mobile elementor-widget elementor-widget-html\" data-id=\"44746b6\" data-element_type=\"widget\" data-e-type=\"widget\" data-widget_type=\"html.default\">\n\t\t\t\t\t<!DOCTYPE html>\r\n<html lang=\"es\">\r\n<head>\r\n    <meta charset=\"UTF-8\">\r\n    <meta name=\"viewport\" content=\"width=device-width, initial-scale=1.0\">\r\n    <title>Comunicados<\/title>\r\n    <style>\r\n        body {\r\n            font-family: Arial, sans-serif;\r\n            background-color: #f0f0f0;\r\n            margin: 0;\r\n            padding: 0;\r\n        }\r\n\r\n        table {\r\n            width: 100%;\r\n            margin: 20px 0;\r\n            border-collapse: collapse;\r\n        }\r\n\r\n        th, td {\r\n            padding: 12px;\r\n            text-align: left;\r\n            border: 1px solid #ddd;\r\n        }\r\n\r\n        th {\r\n            background-color: #440084; \/* Color solicitado solo para el encabezado *\/\r\n            color: white;\r\n        }\r\n\r\n        tr:nth-child(even) {\r\n            background-color: #f2f2f2;\r\n        }\r\n\r\n        .download-link {\r\n            color: #003AD7; \/* Color de los enlaces de descarga *\/\r\n            text-decoration: none;\r\n        }\r\n\r\n        .download-link:hover {\r\n            text-decoration: underline;\r\n        }\r\n    <\/style>\r\n<\/head>\r\n<body>\r\n\r\n    <table>\r\n        <thead>\r\n            <tr>\r\n                <th>Comunicado<\/th>\r\n                <th>Fecha<\/th>\r\n                <th>Descarga<\/th>\r\n            <\/tr>\r\n        <\/thead>\r\n        <tbody>\r\n            <tr>\r\n                <td>Comunicado Ejemplo 1<\/td>\r\n                <td>27\/02\/2026<\/td>\r\n                <td><a href=\"#\" class=\"download-link\">Descargar<\/a><\/td>\r\n            <\/tr>\r\n            <tr>\r\n                <td>Comunicado Ejemplo 2<\/td>\r\n                <td>28\/02\/2026<\/td>\r\n                <td><a href=\"#\" class=\"download-link\">Descargar<\/a><\/td>\r\n            <\/tr>\r\n        <\/tbody>\r\n    <\/table>\r\n\r\n<\/body>\r\n<\/html>\t\t\t\t<\/div>\n\t\t\t\t\t<\/div>\n\t\t\t\t<\/div>\n\t\t<div class=\"elementor-element elementor-element-17037e6 e-flex e-con-boxed e-con e-parent\" data-id=\"17037e6\" data-element_type=\"container\" data-e-type=\"container\" data-settings=\"{&quot;background_background&quot;:&quot;classic&quot;}\">\n\t\t\t\t\t<div class=\"e-con-inner\">\n\t\t<div class=\"elementor-element elementor-element-d058af2 e-con-full elementor-hidden-mobile menu-servicios-ff1L e-flex e-con e-child\" data-id=\"d058af2\" data-element_type=\"container\" data-e-type=\"container\" data-settings=\"{&quot;background_background&quot;:&quot;classic&quot;}\">\n\t\t<div class=\"elementor-element elementor-element-c218e42 e-con-full e-flex e-con e-child\" data-id=\"c218e42\" data-element_type=\"container\" data-e-type=\"container\" data-settings=\"{&quot;background_background&quot;:&quot;classic&quot;}\">\n\t\t\t\t<div class=\"elementor-element elementor-element-7f0de48 elementor-widget elementor-widget-heading\" data-id=\"7f0de48\" data-element_type=\"widget\" data-e-type=\"widget\" data-widget_type=\"heading.default\">\n\t\t\t\t\t<h2 class=\"elementor-heading-title elementor-size-default\">Tu aliado para avisos preventivos<\/h2>\t\t\t\t<\/div>\n\t\t\t\t<div class=\"elementor-element elementor-element-a32b8be elementor-widget elementor-widget-text-editor\" data-id=\"a32b8be\" data-element_type=\"widget\" data-e-type=\"widget\" data-widget_type=\"text-editor.default\">\n\t\t\t\t\t\t\t\t\t<p>Nos dedicamos a facilitar el camino hacia la consecuci\u00f3n de tus objetivos comerciales mediante soluciones log\u00edsticas integrales y estrat\u00e9gicas.<\/p><p>Nuestro compromiso es brindarte transparencia, seguridad y eficiencia en cada etapa de la cadena de suministro, asegurando un manejo adecuado de tu carga desde el origen hasta el destino.<\/p>\t\t\t\t\t\t\t\t<\/div>\n\t\t\t\t<\/div>\n\t\t\t\t<div class=\"elementor-element elementor-element-5c0947c elementor-tablet-align-justify elementor-mobile-align-justify elementor-widget-mobile__width-inherit btn-variante elementor-widget elementor-widget-button\" data-id=\"5c0947c\" data-element_type=\"widget\" data-e-type=\"widget\" data-widget_type=\"button.default\">\n\t\t\t\t\t\t\t\t\t\t<a class=\"elementor-button elementor-button-link elementor-size-sm\" href=\"https:\/\/transmeridian.pe\/en\/contactanos\/\">\n\t\t\t\t\t\t<span class=\"elementor-button-content-wrapper\">\n\t\t\t\t\t\t\t\t\t<span class=\"elementor-button-text\">Contacta con un asesor<\/span>\n\t\t\t\t\t<\/span>\n\t\t\t\t\t<\/a>\n\t\t\t\t\t\t\t\t<\/div>\n\t\t\t\t<\/div>\n\t\t<div class=\"elementor-element elementor-element-a571795 e-con-full ventajas e-flex e-con e-child\" data-id=\"a571795\" data-element_type=\"container\" data-e-type=\"container\" data-settings=\"{&quot;background_background&quot;:&quot;classic&quot;}\">\n\t\t<div class=\"elementor-element elementor-element-2f53b23 e-con-full e-flex e-con e-child\" data-id=\"2f53b23\" data-element_type=\"container\" data-e-type=\"container\">\n\t\t\t\t<div class=\"elementor-element elementor-element-805f00f elementor-widget elementor-widget-heading\" data-id=\"805f00f\" data-element_type=\"widget\" data-e-type=\"widget\" data-widget_type=\"heading.default\">\n\t\t\t\t\t<h2 class=\"elementor-heading-title elementor-size-default\">Actualizaciones operativas<\/h2>\t\t\t\t<\/div>\n\t\t\t\t<\/div>\n\t\t\t\t<div class=\"elementor-element elementor-element-a0bd1ff elementor-widget elementor-widget-image\" data-id=\"a0bd1ff\" data-element_type=\"widget\" data-e-type=\"widget\" data-widget_type=\"image.default\">\n\t\t\t\t\t\t\t\t\t\t\t\t\t\t\t<img fetchpriority=\"high\" decoding=\"async\" width=\"600\" height=\"400\" src=\"https:\/\/transmeridian.pe\/wp-content\/uploads\/2026\/02\/puerto-logistico-1.webp\" class=\"attachment-large size-large wp-image-3520\" alt=\"puerto log\u00edstico\" srcset=\"https:\/\/transmeridian.pe\/wp-content\/uploads\/2026\/02\/puerto-logistico-1.webp 600w, https:\/\/transmeridian.pe\/wp-content\/uploads\/2026\/02\/puerto-logistico-1-300x200.webp 300w, https:\/\/transmeridian.pe\/wp-content\/uploads\/2026\/02\/puerto-logistico-1-18x12.webp 18w\" sizes=\"(max-width: 600px) 100vw, 600px\" \/>\t\t\t\t\t\t\t\t\t\t\t\t\t\t\t<\/div>\n\t\t\t\t<div class=\"elementor-element elementor-element-0b25ca9 elementor-widget elementor-widget-text-editor\" data-id=\"0b25ca9\" data-element_type=\"widget\" data-e-type=\"widget\" data-widget_type=\"text-editor.default\">\n\t\t\t\t\t\t\t\t\t<p>Brindamos orientaci\u00f3n pr\u00e1ctica para que las empresas puedan anticiparse y minimizar contingencias.<\/p>\t\t\t\t\t\t\t\t<\/div>\n\t\t\t\t<\/div>\n\t\t\t\t\t<\/div>\n\t\t\t\t<\/div>\n\t\t\t\t<\/div>","protected":false},"excerpt":{"rendered":"<p>Comunicados Este espacio ha sido dise\u00f1ado para brindar informaci\u00f3n clara y oportuna sobre situaciones que puedan influir en la planificaci\u00f3n log\u00edstica y en la continuidad de las operaciones vinculadas al comercio mar\u00edtimo y flujos internacionales. Comunicado Fecha Descarga Comunicados Comunicado Fecha Descarga Comunicado Ejemplo 1 27\/02\/2026 Descargar Comunicado Ejemplo 2 28\/02\/2026 Descargar Tu aliado para [&hellip;]<\/p>\n","protected":false},"author":2,"featured_media":0,"parent":0,"menu_order":0,"comment_status":"closed","ping_status":"closed","template":"","meta":{"footnotes":""},"class_list":["post-3511","page","type-page","status-publish","hentry"],"blocksy_meta":[],"_links":{"self":[{"href":"https:\/\/transmeridian.pe\/en\/wp-json\/wp\/v2\/pages\/3511","targetHints":{"allow":["GET"]}}],"collection":[{"href":"https:\/\/transmeridian.pe\/en\/wp-json\/wp\/v2\/pages"}],"about":[{"href":"https:\/\/transmeridian.pe\/en\/wp-json\/wp\/v2\/types\/page"}],"author":[{"embeddable":true,"href":"https:\/\/transmeridian.pe\/en\/wp-json\/wp\/v2\/users\/2"}],"replies":[{"embeddable":true,"href":"https:\/\/transmeridian.pe\/en\/wp-json\/wp\/v2\/comments?post=3511"}],"version-history":[{"count":34,"href":"https:\/\/transmeridian.pe\/en\/wp-json\/wp\/v2\/pages\/3511\/revisions"}],"predecessor-version":[{"id":4101,"href":"https:\/\/transmeridian.pe\/en\/wp-json\/wp\/v2\/pages\/3511\/revisions\/4101"}],"wp:attachment":[{"href":"https:\/\/transmeridian.pe\/en\/wp-json\/wp\/v2\/media?parent=3511"}],"curies":[{"name":"wp","href":"https:\/\/api.w.org\/{rel}","templated":true}]}}